
{"id":2039,"date":"2026-02-11T16:40:41","date_gmt":"2026-02-11T16:40:41","guid":{"rendered":"https:\/\/aparthotelrugby.co.uk\/?page_id=2039"},"modified":"2026-02-23T12:54:07","modified_gmt":"2026-02-23T12:54:07","slug":"guest-book","status":"publish","type":"page","link":"https:\/\/aparthotelrugby.co.uk\/de\/guest-book\/","title":{"rendered":"G\u00e4stebuch"},"content":{"rendered":"<div id=\"rugbyGuestPortal\" style=\"background:#0f0f0f;max-width:700px;margin:0 auto;font-family:Arial,sans-serif;\">\n<p><!-- Header --><\/p>\n<div style=\"background:#1a1a1a;padding:30px 15px;text-align:center;border-bottom:3px solid #d4af37;\">\n<img class=\"lazyload\" decoding=\"async\" src=\"data:image\/gif;base64,R0lGODlhAQABAAAAACH5BAEKAAEALAAAAAABAAEAAAICTAEAOw==\" data-orig-src=\"https:\/\/aparthotelrugby.co.uk\/wp-content\/uploads\/2024\/11\/logo-main-400x109-optimized.png\" style=\"max-width:250px;width:100%;height:auto;margin-bottom:12px;\"><br \/>\n<span style=\"color:#999;font-size:11px;text-transform:uppercase;letter-spacing:2px;\">Ihr Zuhause auf Zeit<\/span>\n<\/div>\n<div style=\"padding:20px 15px;\">\n<p><!-- WiFi --><\/p>\n<div style=\"background:#d4af37;padding:20px;border-radius:15px;margin-bottom:20px;text-align:center;\">\n<span style=\"display:block;font-size:40px;margin-bottom:8px;\"><\/span><br \/>\n<span style=\"display:block;color:#000;font-size:20px;margin-bottom:15px;font-weight:bold;\">WiFi-Zugang<\/span><\/p>\n<div style=\"background:rgba(0,0,0,0.2);padding:14px;border-radius:10px;margin-bottom:12px;\">\n<span style=\"display:block;color:#000;font-size:10px;margin-bottom:5px;font-weight:bold;text-transform:uppercase;\">Name des Netzes<\/span><br \/>\n<span style=\"display:block;color:#000;font-size:16px;font-weight:bold;\">Apart Hotel Rugby<\/span>\n<\/div>\n<div style=\"background:rgba(0,0,0,0.2);padding:14px;border-radius:10px;margin-bottom:15px;\">\n<span style=\"display:block;color:#000;font-size:10px;margin-bottom:5px;font-weight:bold;text-transform:uppercase;\">Passwort<\/span><br \/>\n<span id=\"rugbyPwd\" style=\"display:block;color:#000;font-size:16px;font-weight:bold;\">\u2022\u2022\u2022\u2022\u2022\u2022\u2022\u2022\u2022\u2022<\/span>\n<\/div>\n<p><button id=\"rugbyReveal\" style=\"background:#000;color:#d4af37;border:none;padding:13px;border-radius:10px;width:100%;font-size:13px;font-weight:bold;cursor:pointer;text-transform:uppercase;\">Zum Aufdecken &amp; Kopieren klicken<\/button>\n<\/div>\n<p><!-- Check-in\/out --><\/p>\n<div style=\"background:rgba(255,255,255,0.05);padding:18px;border-radius:15px;margin-bottom:20px;text-align:center;\">\n<span style=\"display:block;font-size:32px;margin-bottom:8px;\"><\/span><br \/>\n<span style=\"display:block;color:#d4af37;font-size:18px;margin-bottom:12px;font-weight:bold;\">Einchecken &amp; Auschecken<\/span><br \/>\n<span style=\"display:block;color:#999;font-size:11px;text-transform:uppercase;\">Einchecken: <span style=\"color:#fff;font-size:15px;font-weight:bold;\">15:00 UHR<\/span><\/span><br \/>\n<span style=\"display:block;color:#999;font-size:11px;text-transform:uppercase;\">Check-out: <span style=\"color:#fff;font-size:15px;font-weight:bold;\">10:30 Uhr<\/span><\/span>\n<\/div>\n<p><!-- Section Title --><\/p>\n<div style=\"text-align:center;margin:25px 0 18px 0;\">\n<span style=\"display:block;color:#d4af37;font-size:22px;margin-bottom:5px;font-weight:bold;\">Kontakt aufnehmen<\/span><br \/>\n<span style=\"display:block;width:30px;height:3px;background:#d4af37;margin:0 auto;\"><\/span>\n<\/div>\n<p><!-- WhatsApp --><br \/>\n<a href=\"https:\/\/wa.link\/2uajmb\" target=\"_blank\" style=\"display:block;background:#25d366;padding:16px;border-radius:12px;margin-bottom:12px;text-decoration:none;text-align:center;\" rel=\"noopener\"><br \/>\n<span style=\"display:block;font-size:34px;margin-bottom:5px;\"><\/span><br \/>\n<span style=\"display:block;color:#fff;font-size:16px;font-weight:bold;margin-bottom:2px;\">WhatsApp uns<\/span><br \/>\n<span style=\"display:block;color:#fff;font-size:11px;opacity:0.85;\">Schnellste Reaktion - 24\/7 verf\u00fcgbar<\/span><br \/>\n<\/a><\/p>\n<p><!-- Email --><br \/>\n<a href=\"mailto:info@aparthotelrugby.co.uk\" style=\"display:block;background:rgba(255,255,255,0.08);padding:16px;border-radius:12px;margin-bottom:12px;text-decoration:none;text-align:center;\"><br \/>\n<span style=\"display:block;font-size:34px;margin-bottom:5px;\">\u2709\ufe0f<\/span><br \/>\n<span style=\"display:block;color:#fff;font-size:16px;font-weight:bold;margin-bottom:2px;\">E-Mail<\/span><br \/>\n<span style=\"display:block;color:#999;font-size:11px;\">info@aparthotelrugby.co.uk<\/span><br \/>\n<\/a><\/p>\n<p><!-- Phone --><br \/>\n<a href=\"tel:+447868781112\" style=\"display:block;background:rgba(255,255,255,0.08);padding:16px;border-radius:12px;margin-bottom:12px;text-decoration:none;text-align:center;\"><br \/>\n<span style=\"display:block;font-size:34px;margin-bottom:5px;\"><\/span><br \/>\n<span style=\"display:block;color:#fff;font-size:16px;font-weight:bold;margin-bottom:2px;\"><a href=\"https:\/\/aparthotelrugby.co.uk\/de\/unterkunft-im-rugby-stadtzentrum\/\" class=\"essa-ilink\">Rezeption anrufen<\/a><\/span><br \/>\n<span style=\"display:block;color:#999;font-size:11px;\">+44 7868 781112<\/span><br \/>\n<\/a><\/p>\n<p><!-- Section Title --><\/p>\n<div style=\"text-align:center;margin:25px 0 18px 0;\">\n<span style=\"display:block;color:#d4af37;font-size:22px;margin-bottom:5px;font-weight:bold;\">Hilfreiche Ressourcen<\/span><br \/>\n<span style=\"display:block;width:30px;height:3px;background:#d4af37;margin:0 auto;\"><\/span>\n<\/div>\n<p><!-- YouTube --><br \/>\n<a href=\"https:\/\/youtube.com\/shorts\/N48b92jnVlM?si=YJxGopDKBiXfOrbz\" target=\"_blank\" style=\"display:block;background:rgba(255,59,48,0.15);padding:16px;border-radius:12px;margin-bottom:20px;text-decoration:none;text-align:center;border:1px solid rgba(255,59,48,0.3);\" rel=\"noopener\"><br \/>\n<img class=\"lazyload\" decoding=\"async\" src=\"data:image\/svg+xml,%3Csvg%20xmlns%3D%27http%3A%2F%2Fwww.w3.org%2F2000%2Fsvg%27%20width%3D%27512%27%20height%3D%27512%27%20viewBox%3D%270%200%20512%20512%27%3E%3Crect%20width%3D%27512%27%20height%3D%27512%27%20fill-opacity%3D%220%22%2F%3E%3C%2Fsvg%3E\" data-orig-src=\"https:\/\/aparthotelrugby.co.uk\/wp-content\/uploads\/2026\/02\/youtube_400425.png\" style=\"width:48px;height:48px;margin:0 auto 8px;display:block;\"><br \/>\n<span style=\"display:block;color:#ff6b6b;font-size:16px;font-weight:bold;margin-bottom:2px;\">Verwendung von Induktionskochfeldern<\/span><br \/>\n<span style=\"display:block;color:#ffb3b3;font-size:11px;\">Video-Tutorial ansehen<\/span><br \/>\n<\/a><\/p>\n<p><!-- Section Title --><\/p>\n<div style=\"text-align:center;margin:25px 0 18px 0;\">\n<span style=\"display:block;color:#d4af37;font-size:22px;margin-bottom:5px;font-weight:bold;\">Folgen Sie uns<\/span><br \/>\n<span style=\"display:block;width:30px;height:3px;background:#d4af37;margin:0 auto;\"><\/span>\n<\/div>\n<p><!-- Social Media Grid --><\/p>\n<div style=\"margin-bottom:25px;\">\n<div style=\"width:48%;display:inline-block;vertical-align:top;margin:0 1% 10px 0;\">\n<a href=\"https:\/\/www.facebook.com\/profile.php?id=61560448184119\" target=\"_blank\" style=\"display:block;background:rgba(24,119,242,0.15);padding:18px;border-radius:12px;text-decoration:none;text-align:center;border:1px solid rgba(24,119,242,0.3);\" rel=\"noopener\"><br \/>\n<img class=\"lazyload\" decoding=\"async\" src=\"data:image\/svg+xml,%3Csvg%20xmlns%3D%27http%3A%2F%2Fwww.w3.org%2F2000%2Fsvg%27%20width%3D%27512%27%20height%3D%27512%27%20viewBox%3D%270%200%20512%20512%27%3E%3Crect%20width%3D%27512%27%20height%3D%27512%27%20fill-opacity%3D%220%22%2F%3E%3C%2Fsvg%3E\" data-orig-src=\"https:\/\/aparthotelrugby.co.uk\/wp-content\/uploads\/2026\/02\/facebook_1384053.png\" style=\"width:42px;height:42px;margin:0 auto 8px;display:block;\"><br \/>\n<span style=\"display:block;color:#1877f2;font-size:14px;font-weight:bold;\">Facebook<\/span><br \/>\n<\/a>\n<\/div>\n<div style=\"width:48%;display:inline-block;vertical-align:top;margin:0 0 10px 1%;\">\n<a href=\"https:\/\/www.instagram.com\/apart.hotelrugby\/\" target=\"_blank\" style=\"display:block;background:rgba(225,48,108,0.15);padding:18px;border-radius:12px;text-decoration:none;text-align:center;border:1px solid rgba(225,48,108,0.3);\" rel=\"noopener\"><br \/>\n<img class=\"lazyload\" decoding=\"async\" src=\"data:image\/svg+xml,%3Csvg%20xmlns%3D%27http%3A%2F%2Fwww.w3.org%2F2000%2Fsvg%27%20width%3D%27512%27%20height%3D%27512%27%20viewBox%3D%270%200%20512%20512%27%3E%3Crect%20width%3D%27512%27%20height%3D%27512%27%20fill-opacity%3D%220%22%2F%3E%3C%2Fsvg%3E\" data-orig-src=\"https:\/\/aparthotelrugby.co.uk\/wp-content\/uploads\/2026\/02\/instagram_408758.png\" style=\"width:42px;height:42px;margin:0 auto 8px;display:block;\"><br \/>\n<span style=\"display:block;color:#e1306c;font-size:14px;font-weight:bold;\">Instagram<\/span><br \/>\n<\/a>\n<\/div>\n<div style=\"width:48%;display:inline-block;vertical-align:top;margin:0 1% 0 0;\">\n<a href=\"https:\/\/www.linkedin.com\/company\/apart-hotel-rugby\" target=\"_blank\" style=\"display:block;background:rgba(10,102,194,0.15);padding:18px;border-radius:12px;text-decoration:none;text-align:center;border:1px solid rgba(10,102,194,0.3);\" rel=\"noopener\"><br \/>\n<img class=\"lazyload\" decoding=\"async\" src=\"data:image\/svg+xml,%3Csvg%20xmlns%3D%27http%3A%2F%2Fwww.w3.org%2F2000%2Fsvg%27%20width%3D%27512%27%20height%3D%27512%27%20viewBox%3D%270%200%20512%20512%27%3E%3Crect%20width%3D%27512%27%20height%3D%27512%27%20fill-opacity%3D%220%22%2F%3E%3C%2Fsvg%3E\" data-orig-src=\"https:\/\/aparthotelrugby.co.uk\/wp-content\/uploads\/2026\/02\/linkedin_2584663.png\" style=\"width:42px;height:42px;margin:0 auto 8px;display:block;\"><br \/>\n<span style=\"display:block;color:#0a66c2;font-size:14px;font-weight:bold;\">LinkedIn<\/span><br \/>\n<\/a>\n<\/div>\n<div style=\"width:48%;display:inline-block;vertical-align:top;margin:0 0 0 1%;\">\n<a href=\"https:\/\/maps.app.goo.gl\/JZWcidcfXWBLd3zCA\" target=\"_blank\" style=\"display:block;background:rgba(66,133,244,0.15);padding:18px;border-radius:12px;text-decoration:none;text-align:center;border:1px solid rgba(66,133,244,0.3);\" rel=\"noopener\"><br \/>\n<img class=\"lazyload\" decoding=\"async\" src=\"data:image\/svg+xml,%3Csvg%20xmlns%3D%27http%3A%2F%2Fwww.w3.org%2F2000%2Fsvg%27%20width%3D%27512%27%20height%3D%27512%27%20viewBox%3D%270%200%20512%20512%27%3E%3Crect%20width%3D%27512%27%20height%3D%27512%27%20fill-opacity%3D%220%22%2F%3E%3C%2Fsvg%3E\" data-orig-src=\"https:\/\/aparthotelrugby.co.uk\/wp-content\/uploads\/2026\/02\/google-maps_2335353.png\" style=\"width:42px;height:42px;margin:0 auto 8px;display:block;\"><br \/>\n<span style=\"display:block;color:#4285f4;font-size:14px;font-weight:bold;\">Finden Sie uns<\/span><br \/>\n<\/a>\n<\/div>\n<\/div>\n<p><!-- Section Title --><\/p>\n<div style=\"text-align:center;margin:25px 0 18px 0;\">\n<span style=\"display:block;color:#d4af37;font-size:22px;margin-bottom:5px;font-weight:bold;\">N\u00fctzliche Informationen<\/span><br \/>\n<span style=\"display:block;width:30px;height:3px;background:#d4af37;margin:0 auto;\"><\/span>\n<\/div>\n<p><!-- Clifton Cafe --><\/p>\n<div style=\"background:rgba(139,69,19,0.2);padding:16px;border-radius:12px;margin-bottom:12px;text-align:center;border:1px solid rgba(139,69,19,0.3);\">\n<span style=\"display:block;font-size:32px;margin-bottom:8px;\">\u2615<\/span><br \/>\n<span style=\"display:block;color:#d4af37;font-size:16px;margin-bottom:8px;font-weight:bold;\">Clifton Caf\u00e9<\/span><br \/>\n<span style=\"display:block;color:#ccc;font-size:13px;margin-bottom:4px;\"><strong style=\"color:#fff;\">10% Rabatt<\/strong> f\u00fcr unsere G\u00e4ste<\/span><br \/>\n<span style=\"display:block;color:#ccc;font-size:13px;\">T\u00e4glich au\u00dfer Montag ge\u00f6ffnet - 7:00 - 16:00 Uhr<\/span>\n<\/div>\n<p><!-- Parking --><\/p>\n<div style=\"background:rgba(70,130,180,0.15);padding:16px;border-radius:12px;margin-bottom:12px;text-align:center;border:1px solid rgba(70,130,180,0.3);\">\n<span style=\"display:block;font-size:32px;margin-bottom:8px;\"><\/span><br \/>\n<span style=\"display:block;color:#d4af37;font-size:16px;margin-bottom:8px;font-weight:bold;\">Parken<\/span><br \/>\n<span style=\"display:block;color:#ccc;font-size:13px;margin-bottom:4px;\"><strong style=\"color:#fff;\">Hotel:<\/strong> 6 Pl\u00e4tze auf der R\u00fcckseite<\/span><br \/>\n<span style=\"display:block;color:#ccc;font-size:13px;margin-bottom:4px;\"><strong style=\"color:#fff;\">Nach 18 Uhr:<\/strong> Vordere Pl\u00e4tze verf\u00fcgbar<\/span><br \/>\n<span style=\"display:block;color:#ccc;font-size:13px;\"><strong style=\"color:#fff;\">Langfristig:<\/strong> Eisenbahn-Terrasse (50m)<\/span>\n<\/div>\n<p><!-- <a href=\"https:\/\/aparthotelrugby.co.uk\/5-reasons-to-choose-our-bed-and-breakfast-for-your-next-getaway\/\" class=\"essa-ilink\">Guest Essentials<\/a> --><\/p>\n<div style=\"background:rgba(128,0,128,0.15);padding:16px;border-radius:12px;margin-bottom:20px;text-align:center;border:1px solid rgba(128,0,128,0.3);\">\n<span style=\"display:block;font-size:32px;margin-bottom:8px;\"><\/span><br \/>\n<span style=\"display:block;color:#d4af37;font-size:16px;margin-bottom:8px;font-weight:bold;\">Gast Essentials<\/span><br \/>\n<span style=\"display:block;color:#ccc;font-size:13px;margin-bottom:4px;\"><strong style=\"color:#fff;\">Ruhige Stunden:<\/strong> 10:00 UHR - 7:00 UHR<\/span><br \/>\n<span style=\"display:block;color:#ccc;font-size:13px;margin-bottom:4px;\"><strong style=\"color:#fff;\">Bl\u00f6dsinn:<\/strong> Drau\u00dfen bis 10:00 Uhr<\/span><br \/>\n<span style=\"display:block;color:#ccc;font-size:13px;\"><strong style=\"color:#fff;\">W\u00e4scherei:<\/strong> Erster Stock<\/span>\n<\/div>\n<p><!-- Emergency --><br \/>\n<a href=\"tel:999\" style=\"display:block;background:rgba(220,53,69,0.2);padding:16px;border-radius:12px;margin-bottom:25px;text-decoration:none;border:2px solid rgba(220,53,69,0.5);text-align:center;\"><br \/>\n<span style=\"display:block;font-size:36px;margin-bottom:5px;\">\u26a0\ufe0f<\/span><br \/>\n<span style=\"display:block;color:#dc3545;font-size:17px;font-weight:bold;margin-bottom:2px;\"><a href=\"https:\/\/aparthotelrugby.co.uk\/de\/vorubergehende-unterbringung-rugby-umzug\/\" class=\"essa-ilink\">Notfalldienste<\/a><\/span><br \/>\n<span style=\"display:block;color:#ff8a8a;font-size:12px;\">W\u00e4hlen Sie 999 - Polizei \/ Feuerwehr \/ Krankenwagen<\/span><br \/>\n<\/a><\/p>\n<p><!-- Footer --><\/p>\n<div style=\"text-align:center;padding:25px 15px 15px;border-top:1px solid rgba(212,175,55,0.2);\">\n<img class=\"lazyload\" decoding=\"async\" src=\"data:image\/gif;base64,R0lGODlhAQABAAAAACH5BAEKAAEALAAAAAABAAEAAAICTAEAOw==\" data-orig-src=\"https:\/\/aparthotelrugby.co.uk\/wp-content\/uploads\/2024\/11\/logo-main-400x109-optimized.png\" style=\"max-width:180px;width:100%;height:auto;opacity:0.5;\">\n<\/div>\n<\/div>\n<\/div>","protected":false},"excerpt":{"rendered":"<p>Your Home Away From Home WiFi Access Network Name Apart  [&#8230;]<\/p>\n","protected":false},"author":3,"featured_media":0,"parent":0,"menu_order":0,"comment_status":"closed","ping_status":"closed","template":"blank.php","meta":{"footnotes":""},"class_list":["post-2039","page","type-page","status-publish","hentry"],"_links":{"self":[{"href":"https:\/\/aparthotelrugby.co.uk\/de\/wp-json\/wp\/v2\/pages\/2039","targetHints":{"allow":["GET"]}}],"collection":[{"href":"https:\/\/aparthotelrugby.co.uk\/de\/wp-json\/wp\/v2\/pages"}],"about":[{"href":"https:\/\/aparthotelrugby.co.uk\/de\/wp-json\/wp\/v2\/types\/page"}],"author":[{"embeddable":true,"href":"https:\/\/aparthotelrugby.co.uk\/de\/wp-json\/wp\/v2\/users\/3"}],"replies":[{"embeddable":true,"href":"https:\/\/aparthotelrugby.co.uk\/de\/wp-json\/wp\/v2\/comments?post=2039"}],"version-history":[{"count":7,"href":"https:\/\/aparthotelrugby.co.uk\/de\/wp-json\/wp\/v2\/pages\/2039\/revisions"}],"predecessor-version":[{"id":2121,"href":"https:\/\/aparthotelrugby.co.uk\/de\/wp-json\/wp\/v2\/pages\/2039\/revisions\/2121"}],"wp:attachment":[{"href":"https:\/\/aparthotelrugby.co.uk\/de\/wp-json\/wp\/v2\/media?parent=2039"}],"curies":[{"name":"wp","href":"https:\/\/api.w.org\/{rel}","templated":true}]}}