
{"id":1294,"date":"2024-11-15T12:48:16","date_gmt":"2024-11-15T12:48:16","guid":{"rendered":"https:\/\/aparthotelrugby.co.uk\/?page_id=1294"},"modified":"2025-11-13T11:32:26","modified_gmt":"2025-11-13T11:32:26","slug":"localisation","status":"publish","type":"page","link":"https:\/\/aparthotelrugby.co.uk\/fr\/localisation\/","title":{"rendered":"Localisation"},"content":{"rendered":"<div class=\"fusion-fullwidth fullwidth-box fusion-builder-row-1 fusion-flex-container has-pattern-background has-mask-background nonhundred-percent-fullwidth non-hundred-percent-height-scrolling\" style=\"--awb-background-position:left center;--awb-border-radius-top-left:0px;--awb-border-radius-top-right:0px;--awb-border-radius-bottom-right:0px;--awb-border-radius-bottom-left:0px;--awb-padding-top:100px;--awb-padding-right:0px;--awb-padding-bottom:0px;--awb-padding-left:0px;--awb-padding-top-medium:90px;--awb-padding-bottom-medium:90px;--awb-margin-bottom:0px;--awb-flex-wrap:wrap;\" ><div class=\"fusion-builder-row fusion-row fusion-flex-align-items-flex-start fusion-flex-justify-content-center fusion-flex-content-wrap\" style=\"max-width:1664px;margin-left: calc(-4% \/ 2 );margin-right: calc(-4% \/ 2 );\"><div class=\"fusion-layout-column fusion_builder_column fusion-builder-column-0 fusion_builder_column_1_1 1_1 fusion-flex-column fusion-no-small-visibility fusion-no-medium-visibility fusion-animated\" style=\"--awb-bg-color:var(--awb-color2);--awb-bg-color-hover:var(--awb-color2);--awb-bg-size:cover;--awb-width-large:100%;--awb-margin-top-large:0px;--awb-spacing-right-large:1.92%;--awb-margin-bottom-large:100px;--awb-spacing-left-large:1.92%;--awb-width-medium:100%;--awb-order-medium:0;--awb-spacing-right-medium:1.92%;--awb-spacing-left-medium:1.92%;--awb-width-small:100%;--awb-order-small:0;--awb-spacing-right-small:1.92%;--awb-margin-bottom-small:68px;--awb-spacing-left-small:1.92%;\" data-animationtype=\"fadeInDown\" data-animationduration=\"0.8\" data-animationdelay=\"0.2\" data-animationoffset=\"top-into-view\"><div class=\"fusion-column-wrapper fusion-column-has-shadow fusion-flex-justify-content-flex-start fusion-content-layout-column\"><div class=\"fusion-title title fusion-title-1 fusion-no-small-visibility fusion-sep-none fusion-title-center fusion-title-text fusion-title-size-two\" style=\"--awb-text-color:var(--awb-color8);--awb-margin-bottom:20px;--awb-margin-bottom-small:20px;\"><h2 class=\"fusion-title-heading title-heading-center\" style=\"margin:0;\">Explorer le quartier<\/h2><\/div><div class=\"fusion-title title fusion-title-2 fusion-no-medium-visibility fusion-no-large-visibility fusion-sep-none fusion-title-center fusion-title-text fusion-title-size-two\" style=\"--awb-text-color:var(--awb-color8);--awb-margin-bottom:20px;--awb-margin-bottom-small:20px;--awb-font-size:36px;\"><h2 class=\"fusion-title-heading title-heading-center\" style=\"margin:0;font-size:1em;\">Explorer le quartier<\/h2><\/div><div class=\"fusion-text fusion-text-1 fusion-text-no-margin\" style=\"--awb-content-alignment:center;--awb-margin-right:20%;--awb-margin-left:20%;\"><p>Dans le cadre d'un <b>b\u00e2timent historique magnifiquement restaur\u00e9<\/b>, le b\u00e2timent r\u00e9cemment r\u00e9nov\u00e9 de l <b>Apart Hotel Rugby<\/b> propose un h\u00e9bergement moderne avec une touche d'\u00e9l\u00e9gance intemporelle. Les clients peuvent se d\u00e9tendre dans le salon commun, <b>b\u00e9n\u00e9ficier du WiFi gratuit<\/b>et de profiter des avantages de la <b>parking priv\u00e9 gratuit<\/b> et un service de s\u00e9curit\u00e9 \u00e0 la journ\u00e9e pour une plus grande tranquillit\u00e9 d'esprit. Situ\u00e9 \u00e0 seulement 24 km de <b>Village FarGo<\/b>Notre aparthotel est parfait pour ceux qui recherchent \u00e0 la fois le confort et la commodit\u00e9.<\/p>\n<p>For added convenience, <a href=\"https:\/\/aparthotelrugby.co.uk\/fr\/hebergement-independant-rugby\/\" class=\"essa-ilink\">a minimarket is available on-site<\/a>, allowing you to pick up essentials during your stay.<\/p>\n<p>Vous y trouverez un m\u00e9lange dynamique de boutiques, de caf\u00e9s confortables et de restaurants vari\u00e9s. De plus, la proximit\u00e9 de la <b>Gare de Rugby<\/b> vous permet d'acc\u00e9der rapidement en train \u00e0 de grandes villes telles que <b>Londres, Birmingham et Coventry<\/b>. Whether you&#8217;re exploring the town&#8217;s rich history or commuting to the city, <a href=\"https:\/\/aparthotelrugby.co.uk\/fr\/ou-sejourner-a-rugby\/\" class=\"essa-ilink\">our location offers the perfect blend of convenience and charm<\/a><\/p>\n<p>Notre <b>emplacement privil\u00e9gi\u00e9<\/b> vous permet d'acc\u00e9der facilement aux attractions locales, avec <b>Ricoh Arena \u00e0 25 km<\/b> et le pittoresque <b>Kelmarsh Hall 29 km<\/b> de la propri\u00e9t\u00e9. Que vous soyez ici pour les affaires ou les loisirs, <b>Apart Hotel Rugby<\/b> offre une retraite accueillante pour se d\u00e9tendre et explorer le meilleur de la r\u00e9gion.<\/p>\n<\/div><\/div><\/div><div class=\"fusion-layout-column fusion_builder_column fusion-builder-column-1 fusion_builder_column_1_1 1_1 fusion-flex-column fusion-no-large-visibility fusion-animated\" style=\"--awb-bg-color:var(--awb-color2);--awb-bg-color-hover:var(--awb-color2);--awb-bg-size:cover;--awb-width-large:100%;--awb-margin-top-large:0px;--awb-spacing-right-large:1.92%;--awb-margin-bottom-large:100px;--awb-spacing-left-large:1.92%;--awb-width-medium:100%;--awb-order-medium:0;--awb-spacing-right-medium:1.92%;--awb-spacing-left-medium:1.92%;--awb-width-small:100%;--awb-order-small:0;--awb-spacing-right-small:1.92%;--awb-margin-bottom-small:68px;--awb-spacing-left-small:1.92%;\" data-animationtype=\"fadeInDown\" data-animationduration=\"0.8\" data-animationdelay=\"0.2\" data-animationoffset=\"top-into-view\"><div class=\"fusion-column-wrapper fusion-column-has-shadow fusion-flex-justify-content-flex-start fusion-content-layout-column\"><div class=\"fusion-title title fusion-title-3 fusion-no-small-visibility fusion-sep-none fusion-title-center fusion-title-text fusion-title-size-two\" style=\"--awb-text-color:var(--awb-color8);--awb-margin-bottom:20px;--awb-margin-bottom-small:20px;\"><h2 class=\"fusion-title-heading title-heading-center\" style=\"margin:0;\">Explorer le quartier<\/h2><\/div><div class=\"fusion-title title fusion-title-4 fusion-no-medium-visibility fusion-no-large-visibility fusion-sep-none fusion-title-center fusion-title-text fusion-title-size-two\" style=\"--awb-text-color:var(--awb-color8);--awb-margin-bottom:20px;--awb-margin-bottom-small:20px;--awb-font-size:36px;\"><h2 class=\"fusion-title-heading title-heading-center\" style=\"margin:0;font-size:1em;\">Explorer le quartier<\/h2><\/div><div class=\"fusion-text fusion-text-2 fusion-text-no-margin\" style=\"--awb-content-alignment:center;\"><p>Dans le cadre d'un <b>b\u00e2timent historique magnifiquement restaur\u00e9<\/b>, le b\u00e2timent r\u00e9cemment r\u00e9nov\u00e9 de l <b>Apart Hotel Rugby<\/b> propose un h\u00e9bergement moderne avec une touche d'\u00e9l\u00e9gance intemporelle. Les clients peuvent se d\u00e9tendre dans le salon commun, <b>b\u00e9n\u00e9ficier du WiFi gratuit<\/b>et de profiter des avantages de la <b>parking priv\u00e9 gratuit<\/b> et un service de s\u00e9curit\u00e9 \u00e0 la journ\u00e9e pour une plus grande tranquillit\u00e9 d'esprit. Situ\u00e9 \u00e0 seulement 24 km de <b>Village FarGo<\/b>Notre aparthotel est parfait pour ceux qui recherchent \u00e0 la fois le confort et la commodit\u00e9.<\/p>\n<p>Pour plus de commodit\u00e9, une sup\u00e9rette est disponible sur place, vous permettant d'acheter des produits de premi\u00e8re n\u00e9cessit\u00e9 pendant votre s\u00e9jour.<\/p>\n<p>Vous y trouverez un m\u00e9lange dynamique de boutiques, de caf\u00e9s confortables et de restaurants vari\u00e9s. De plus, la proximit\u00e9 de la <b>Gare de Rugby<\/b> vous permet d'acc\u00e9der rapidement en train \u00e0 de grandes villes telles que <b>Londres, Birmingham et Coventry<\/b>. Que vous partiez \u00e0 la d\u00e9couverte de la riche histoire de la ville ou que vous fassiez la navette vers la ville, notre emplacement offre un m\u00e9lange parfait de commodit\u00e9 et de charme.<\/p>\n<p>Notre <b>emplacement privil\u00e9gi\u00e9<\/b> vous permet d'acc\u00e9der facilement aux attractions locales, avec <b>Ricoh Arena \u00e0 25 km<\/b> et le pittoresque <b>Kelmarsh Hall 29 km<\/b> de la propri\u00e9t\u00e9. Que vous soyez ici pour les affaires ou les loisirs, <b>Apart Hotel Rugby<\/b> offre une retraite accueillante pour se d\u00e9tendre et explorer le meilleur de la r\u00e9gion.<\/p>\n<\/div><\/div><\/div><div class=\"fusion-layout-column fusion_builder_column fusion-builder-column-2 fusion_builder_column_1_1 1_1 fusion-flex-column\" style=\"--awb-bg-color:var(--awb-color2);--awb-bg-color-hover:var(--awb-color2);--awb-bg-size:cover;--awb-width-large:100%;--awb-margin-top-large:0px;--awb-spacing-right-large:1.92%;--awb-margin-bottom-large:80px;--awb-spacing-left-large:1.92%;--awb-width-medium:100%;--awb-order-medium:0;--awb-spacing-right-medium:1.92%;--awb-spacing-left-medium:1.92%;--awb-width-small:100%;--awb-order-small:0;--awb-spacing-right-small:1.92%;--awb-margin-bottom-small:55px;--awb-spacing-left-small:1.92%;\"><div class=\"fusion-column-wrapper fusion-column-has-shadow fusion-flex-justify-content-flex-start fusion-content-layout-column\"><div class=\"fusion-image-element\" style=\"--awb-caption-title-font-family:var(--h2_typography-font-family);--awb-caption-title-font-weight:var(--h2_typography-font-weight);--awb-caption-title-font-style:var(--h2_typography-font-style);--awb-caption-title-size:var(--h2_typography-font-size);--awb-caption-title-transform:var(--h2_typography-text-transform);--awb-caption-title-line-height:var(--h2_typography-line-height);--awb-caption-title-letter-spacing:var(--h2_typography-letter-spacing);\"><span class=\"fusion-imageframe imageframe-none imageframe-1 hover-type-none fusion-animated\" style=\"--awb-animation-color:var(--awb-color2);\" data-animationtype=\"revealInLeft\" data-animationduration=\"1.2\" data-animationdelay=\"0.3\" data-animationoffset=\"top-into-view\"><img decoding=\"async\" width=\"1920\" height=\"1081\" alt=\"Apart Hotel Rugby&#039;s historic red-brick fa\u00e7ade under a blue sky, offering serviced accommodation in Rugby.\" title=\"rugby-best-hotel\" src=\"https:\/\/aparthotelrugby.co.uk\/wp-content\/uploads\/2024\/11\/rugby-best-hotel.jpg\" data-orig-src=\"https:\/\/aparthotelrugby.co.uk\/wp-content\/uploads\/2024\/11\/rugby-best-hotel.jpg\" class=\"lazyload img-responsive wp-image-1513\" srcset=\"data:image\/svg+xml,%3Csvg%20xmlns%3D%27http%3A%2F%2Fwww.w3.org%2F2000%2Fsvg%27%20width%3D%271920%27%20height%3D%271081%27%20viewBox%3D%270%200%201920%201081%27%3E%3Crect%20width%3D%271920%27%20height%3D%271081%27%20fill-opacity%3D%220%22%2F%3E%3C%2Fsvg%3E\" data-srcset=\"https:\/\/aparthotelrugby.co.uk\/wp-content\/uploads\/2024\/11\/rugby-best-hotel-200x113.jpg 200w, https:\/\/aparthotelrugby.co.uk\/wp-content\/uploads\/2024\/11\/rugby-best-hotel-400x225.jpg 400w, https:\/\/aparthotelrugby.co.uk\/wp-content\/uploads\/2024\/11\/rugby-best-hotel-600x338.jpg 600w, https:\/\/aparthotelrugby.co.uk\/wp-content\/uploads\/2024\/11\/rugby-best-hotel-800x450.jpg 800w, https:\/\/aparthotelrugby.co.uk\/wp-content\/uploads\/2024\/11\/rugby-best-hotel-1200x676.jpg 1200w, https:\/\/aparthotelrugby.co.uk\/wp-content\/uploads\/2024\/11\/rugby-best-hotel.jpg 1920w\" data-sizes=\"auto\" data-orig-sizes=\"(max-width: 640px) 100vw, 1920px\" \/><\/span><\/div><\/div><\/div><div class=\"fusion-layout-column fusion_builder_column fusion-builder-column-3 fusion_builder_column_1_2 1_2 fusion-flex-column fusion-animated\" style=\"--awb-bg-size:cover;--awb-width-large:50%;--awb-margin-top-large:0px;--awb-spacing-right-large:3.84%;--awb-margin-bottom-large:20px;--awb-spacing-left-large:3.84%;--awb-width-medium:50%;--awb-spacing-right-medium:3.84%;--awb-spacing-left-medium:3.84%;--awb-width-small:100%;--awb-spacing-right-small:1.92%;--awb-margin-bottom-small:0px;--awb-spacing-left-small:1.92%;\" data-animationtype=\"fadeInUp\" data-animationduration=\"1.0\" data-animationoffset=\"top-into-view\"><div class=\"fusion-column-wrapper fusion-column-has-shadow fusion-flex-justify-content-flex-start fusion-content-layout-column\"><div class=\"fusion-title title fusion-title-5 fusion-sep-none fusion-title-text fusion-title-size-two\" style=\"--awb-margin-top:0px;--awb-margin-bottom:40px;--awb-margin-bottom-small:30px;\"><h2 class=\"fusion-title-heading title-heading-left fusion-responsive-typography-calculated\" style=\"margin:0;--fontSize:33;line-height:var(--awb-typography1-line-height);\">D\u00e9couvrez nos propri\u00e9t\u00e9s<\/h2><\/div><div ><a class=\"fusion-button button-flat fusion-button-default-size button-custom fusion-button-default button-1 fusion-button-default-span fusion-button-default-type\" style=\"--button_accent_color:#ba9b00;--button_border_color:var(--awb-color8);--button_accent_hover_color:var(--awb-color1);--button_border_hover_color:var(--awb-color1);--button_gradient_top_color:#000000;--button_gradient_bottom_color:#000000;--button_gradient_top_color_hover:hsla(var(--awb-color5-h),calc(var(--awb-color5-s) - 5%),calc(var(--awb-color5-l) - 10%),var(--awb-color5-a));--button_gradient_bottom_color_hover:hsla(var(--awb-color5-h),calc(var(--awb-color5-s) - 5%),calc(var(--awb-color5-l) - 10%),var(--awb-color5-a));--button_padding-right:40px;--button_padding-left:40px;\" target=\"_self\" href=\"https:\/\/aparthotelrugby.co.uk\/fr\/nos-chambres\/\"><span class=\"fusion-button-text awb-button__text awb-button__text--default\">D\u00e9couvrez nos chambres<\/span><\/a><\/div><div class=\"fusion-separator fusion-no-large-visibility fusion-full-width-sep\" style=\"align-self: center;margin-left: auto;margin-right: auto;margin-bottom:3%;width:100%;\"><\/div><div class=\"fusion-separator fusion-full-width-sep\" style=\"align-self: center;margin-left: auto;margin-right: auto;margin-bottom:3%;width:100%;\"><\/div><\/div><\/div><div class=\"fusion-layout-column fusion_builder_column fusion-builder-column-4 fusion_builder_column_1_2 1_2 fusion-flex-column fusion-animated\" style=\"--awb-bg-size:cover;--awb-width-large:50%;--awb-margin-top-large:0px;--awb-spacing-right-large:3.84%;--awb-margin-bottom-large:20px;--awb-spacing-left-large:3.84%;--awb-width-medium:50%;--awb-spacing-right-medium:3.84%;--awb-spacing-left-medium:3.84%;--awb-width-small:100%;--awb-spacing-right-small:1.92%;--awb-margin-bottom-small:0px;--awb-spacing-left-small:1.92%;\" data-animationtype=\"fadeInUp\" data-animationduration=\"1.0\" data-animationdelay=\"0.4\" data-animationoffset=\"top-into-view\"><div class=\"fusion-column-wrapper fusion-column-has-shadow fusion-flex-justify-content-flex-start fusion-content-layout-column\"><div class=\"fusion-separator fusion-no-large-visibility fusion-full-width-sep\" style=\"align-self: center;margin-left: auto;margin-right: auto;margin-bottom:3%;width:100%;\"><\/div><div class=\"fusion-text fusion-text-3 fusion-text-no-margin\" style=\"--awb-margin-bottom:40px;\"><p>En tant qu'entreprise familiale fi\u00e8re de l'\u00eatre, nous apportons une touche personnelle et chaleureuse \u00e0 chaque studio d'appartement que nous proposons. Chacun de nos espaces est con\u00e7u pour \u00eatre un v\u00e9ritable \"chez-soi\", vous garantissant le plus grand confort pendant votre s\u00e9jour. Nous vous invitons \u00e0 explorer notre gamme compl\u00e8te d'offres sur notre site web et \u00e0 d\u00e9couvrir ce qui rend nos propri\u00e9t\u00e9s uniques et sp\u00e9ciales !<\/p>\n<\/div><div class=\"fusion-separator fusion-full-width-sep\" style=\"align-self: center;margin-left: auto;margin-right: auto;margin-bottom:3%;width:100%;\"><\/div><\/div><\/div><\/div><\/div>","protected":false},"excerpt":{"rendered":"","protected":false},"author":1,"featured_media":1320,"parent":0,"menu_order":0,"comment_status":"closed","ping_status":"closed","template":"","meta":{"footnotes":""},"class_list":["post-1294","page","type-page","status-publish","has-post-thumbnail","hentry"],"_links":{"self":[{"href":"https:\/\/aparthotelrugby.co.uk\/fr\/wp-json\/wp\/v2\/pages\/1294","targetHints":{"allow":["GET"]}}],"collection":[{"href":"https:\/\/aparthotelrugby.co.uk\/fr\/wp-json\/wp\/v2\/pages"}],"about":[{"href":"https:\/\/aparthotelrugby.co.uk\/fr\/wp-json\/wp\/v2\/types\/page"}],"author":[{"embeddable":true,"href":"https:\/\/aparthotelrugby.co.uk\/fr\/wp-json\/wp\/v2\/users\/1"}],"replies":[{"embeddable":true,"href":"https:\/\/aparthotelrugby.co.uk\/fr\/wp-json\/wp\/v2\/comments?post=1294"}],"version-history":[{"count":14,"href":"https:\/\/aparthotelrugby.co.uk\/fr\/wp-json\/wp\/v2\/pages\/1294\/revisions"}],"predecessor-version":[{"id":1905,"href":"https:\/\/aparthotelrugby.co.uk\/fr\/wp-json\/wp\/v2\/pages\/1294\/revisions\/1905"}],"wp:featuredmedia":[{"embeddable":true,"href":"https:\/\/aparthotelrugby.co.uk\/fr\/wp-json\/wp\/v2\/media\/1320"}],"wp:attachment":[{"href":"https:\/\/aparthotelrugby.co.uk\/fr\/wp-json\/wp\/v2\/media?parent=1294"}],"curies":[{"name":"wp","href":"https:\/\/api.w.org\/{rel}","templated":true}]}}