
{"id":1294,"date":"2024-11-15T12:48:16","date_gmt":"2024-11-15T12:48:16","guid":{"rendered":"https:\/\/aparthotelrugby.co.uk\/?page_id=1294"},"modified":"2025-11-13T11:32:26","modified_gmt":"2025-11-13T11:32:26","slug":"localizacao","status":"publish","type":"page","link":"https:\/\/aparthotelrugby.co.uk\/pt\/localizacao\/","title":{"rendered":"Localiza\u00e7\u00e3o"},"content":{"rendered":"<div class=\"fusion-fullwidth fullwidth-box fusion-builder-row-1 fusion-flex-container has-pattern-background has-mask-background nonhundred-percent-fullwidth non-hundred-percent-height-scrolling\" style=\"--awb-background-position:left center;--awb-border-radius-top-left:0px;--awb-border-radius-top-right:0px;--awb-border-radius-bottom-right:0px;--awb-border-radius-bottom-left:0px;--awb-padding-top:100px;--awb-padding-right:0px;--awb-padding-bottom:0px;--awb-padding-left:0px;--awb-padding-top-medium:90px;--awb-padding-bottom-medium:90px;--awb-margin-bottom:0px;--awb-flex-wrap:wrap;\" ><div class=\"fusion-builder-row fusion-row fusion-flex-align-items-flex-start fusion-flex-justify-content-center fusion-flex-content-wrap\" style=\"max-width:1664px;margin-left: calc(-4% \/ 2 );margin-right: calc(-4% \/ 2 );\"><div class=\"fusion-layout-column fusion_builder_column fusion-builder-column-0 fusion_builder_column_1_1 1_1 fusion-flex-column fusion-no-small-visibility fusion-no-medium-visibility fusion-animated\" style=\"--awb-bg-color:var(--awb-color2);--awb-bg-color-hover:var(--awb-color2);--awb-bg-size:cover;--awb-width-large:100%;--awb-margin-top-large:0px;--awb-spacing-right-large:1.92%;--awb-margin-bottom-large:100px;--awb-spacing-left-large:1.92%;--awb-width-medium:100%;--awb-order-medium:0;--awb-spacing-right-medium:1.92%;--awb-spacing-left-medium:1.92%;--awb-width-small:100%;--awb-order-small:0;--awb-spacing-right-small:1.92%;--awb-margin-bottom-small:68px;--awb-spacing-left-small:1.92%;\" data-animationtype=\"fadeInDown\" data-animationduration=\"0.8\" data-animationdelay=\"0.2\" data-animationoffset=\"top-into-view\"><div class=\"fusion-column-wrapper fusion-column-has-shadow fusion-flex-justify-content-flex-start fusion-content-layout-column\"><div class=\"fusion-title title fusion-title-1 fusion-no-small-visibility fusion-sep-none fusion-title-center fusion-title-text fusion-title-size-two\" style=\"--awb-text-color:var(--awb-color8);--awb-margin-bottom:20px;--awb-margin-bottom-small:20px;\"><h2 class=\"fusion-title-heading title-heading-center\" style=\"margin:0;\">Explorar o bairro<\/h2><\/div><div class=\"fusion-title title fusion-title-2 fusion-no-medium-visibility fusion-no-large-visibility fusion-sep-none fusion-title-center fusion-title-text fusion-title-size-two\" style=\"--awb-text-color:var(--awb-color8);--awb-margin-bottom:20px;--awb-margin-bottom-small:20px;--awb-font-size:36px;\"><h2 class=\"fusion-title-heading title-heading-center\" style=\"margin:0;font-size:1em;\">Explorar o bairro<\/h2><\/div><div class=\"fusion-text fusion-text-1 fusion-text-no-margin\" style=\"--awb-content-alignment:center;--awb-margin-right:20%;--awb-margin-left:20%;\"><p>Definido dentro de um <b>edif\u00edcio hist\u00f3rico maravilhosamente restaurado<\/b>, o recentemente renovado <b>Apart Hotel Rugby<\/b> oferece acomoda\u00e7\u00f5es modernas com um toque de eleg\u00e2ncia intemporal. Os h\u00f3spedes podem relaxar no nosso sal\u00e3o partilhado, <b>desfrutar de WiFi gratuito<\/b>e tirar partido de <b>estacionamento privado gratuito<\/b> e seguran\u00e7a durante todo o dia para uma maior paz de esp\u00edrito. Localizado apenas a 24 km de <b>Aldeia FarGo<\/b>O nosso aparthotel \u00e9 perfeito para quem procura conforto e comodidade.<\/p>\n<p>For added convenience, <a href=\"https:\/\/aparthotelrugby.co.uk\/pt\/alojamento-com-cozinha-em-rugby\/\" class=\"essa-ilink\">a minimarket is available on-site<\/a>, allowing you to pick up essentials during your stay.<\/p>\n<p>Aqui, encontrar\u00e1 uma mistura vibrante de lojas, caf\u00e9s acolhedores e restaurantes diversificados. Al\u00e9m disso, a nossa proximidade com a <b>Esta\u00e7\u00e3o ferrovi\u00e1ria de Rugby<\/b> significa que est\u00e1 apenas a uma r\u00e1pida viagem de comboio de grandes cidades como <b>Londres, Birmingham e Coventry<\/b>. Whether you&#8217;re exploring the town&#8217;s rich history or commuting to the city, <a href=\"https:\/\/aparthotelrugby.co.uk\/pt\/onde-ficar-em-rugby\/\" class=\"essa-ilink\">our location offers the perfect blend of convenience and charm<\/a><\/p>\n<p>O nosso <b>localiza\u00e7\u00e3o privilegiada<\/b> coloca-o a uma curta dist\u00e2ncia das atrac\u00e7\u00f5es locais, com <b>Ricoh Arena apenas a 25 km de dist\u00e2ncia<\/b> e o pitoresco <b>Kelmarsh Hall 29 km<\/b> da propriedade. Quer esteja aqui em neg\u00f3cios ou em lazer, <b>Apart Hotel Rugby<\/b> oferece um retiro acolhedor para descontrair e explorar o melhor da regi\u00e3o.<\/p>\n<\/div><\/div><\/div><div class=\"fusion-layout-column fusion_builder_column fusion-builder-column-1 fusion_builder_column_1_1 1_1 fusion-flex-column fusion-no-large-visibility fusion-animated\" style=\"--awb-bg-color:var(--awb-color2);--awb-bg-color-hover:var(--awb-color2);--awb-bg-size:cover;--awb-width-large:100%;--awb-margin-top-large:0px;--awb-spacing-right-large:1.92%;--awb-margin-bottom-large:100px;--awb-spacing-left-large:1.92%;--awb-width-medium:100%;--awb-order-medium:0;--awb-spacing-right-medium:1.92%;--awb-spacing-left-medium:1.92%;--awb-width-small:100%;--awb-order-small:0;--awb-spacing-right-small:1.92%;--awb-margin-bottom-small:68px;--awb-spacing-left-small:1.92%;\" data-animationtype=\"fadeInDown\" data-animationduration=\"0.8\" data-animationdelay=\"0.2\" data-animationoffset=\"top-into-view\"><div class=\"fusion-column-wrapper fusion-column-has-shadow fusion-flex-justify-content-flex-start fusion-content-layout-column\"><div class=\"fusion-title title fusion-title-3 fusion-no-small-visibility fusion-sep-none fusion-title-center fusion-title-text fusion-title-size-two\" style=\"--awb-text-color:var(--awb-color8);--awb-margin-bottom:20px;--awb-margin-bottom-small:20px;\"><h2 class=\"fusion-title-heading title-heading-center\" style=\"margin:0;\">Explorar o bairro<\/h2><\/div><div class=\"fusion-title title fusion-title-4 fusion-no-medium-visibility fusion-no-large-visibility fusion-sep-none fusion-title-center fusion-title-text fusion-title-size-two\" style=\"--awb-text-color:var(--awb-color8);--awb-margin-bottom:20px;--awb-margin-bottom-small:20px;--awb-font-size:36px;\"><h2 class=\"fusion-title-heading title-heading-center\" style=\"margin:0;font-size:1em;\">Explorar o bairro<\/h2><\/div><div class=\"fusion-text fusion-text-2 fusion-text-no-margin\" style=\"--awb-content-alignment:center;\"><p>Definido dentro de um <b>edif\u00edcio hist\u00f3rico maravilhosamente restaurado<\/b>, o recentemente renovado <b>Apart Hotel Rugby<\/b> oferece acomoda\u00e7\u00f5es modernas com um toque de eleg\u00e2ncia intemporal. Os h\u00f3spedes podem relaxar no nosso sal\u00e3o partilhado, <b>desfrutar de WiFi gratuito<\/b>e tirar partido de <b>estacionamento privado gratuito<\/b> e seguran\u00e7a durante todo o dia para uma maior paz de esp\u00edrito. Localizado apenas a 24 km de <b>Aldeia FarGo<\/b>O nosso aparthotel \u00e9 perfeito para quem procura conforto e comodidade.<\/p>\n<p>Para maior comodidade, est\u00e1 dispon\u00edvel um minimercado no local, que lhe permite adquirir bens essenciais durante a sua estadia.<\/p>\n<p>Aqui, encontrar\u00e1 uma mistura vibrante de lojas, caf\u00e9s acolhedores e restaurantes diversificados. Al\u00e9m disso, a nossa proximidade com a <b>Esta\u00e7\u00e3o ferrovi\u00e1ria de Rugby<\/b> significa que est\u00e1 apenas a uma r\u00e1pida viagem de comboio de grandes cidades como <b>Londres, Birmingham e Coventry<\/b>. Quer esteja a explorar a rica hist\u00f3ria da cidade ou a deslocar-se para a cidade, a nossa localiza\u00e7\u00e3o oferece a combina\u00e7\u00e3o perfeita de conveni\u00eancia e charme<\/p>\n<p>O nosso <b>localiza\u00e7\u00e3o privilegiada<\/b> coloca-o a uma curta dist\u00e2ncia das atrac\u00e7\u00f5es locais, com <b>Ricoh Arena apenas a 25 km de dist\u00e2ncia<\/b> e o pitoresco <b>Kelmarsh Hall 29 km<\/b> da propriedade. Quer esteja aqui em neg\u00f3cios ou em lazer, <b>Apart Hotel Rugby<\/b> oferece um retiro acolhedor para descontrair e explorar o melhor da regi\u00e3o.<\/p>\n<\/div><\/div><\/div><div class=\"fusion-layout-column fusion_builder_column fusion-builder-column-2 fusion_builder_column_1_1 1_1 fusion-flex-column\" style=\"--awb-bg-color:var(--awb-color2);--awb-bg-color-hover:var(--awb-color2);--awb-bg-size:cover;--awb-width-large:100%;--awb-margin-top-large:0px;--awb-spacing-right-large:1.92%;--awb-margin-bottom-large:80px;--awb-spacing-left-large:1.92%;--awb-width-medium:100%;--awb-order-medium:0;--awb-spacing-right-medium:1.92%;--awb-spacing-left-medium:1.92%;--awb-width-small:100%;--awb-order-small:0;--awb-spacing-right-small:1.92%;--awb-margin-bottom-small:55px;--awb-spacing-left-small:1.92%;\"><div class=\"fusion-column-wrapper fusion-column-has-shadow fusion-flex-justify-content-flex-start fusion-content-layout-column\"><div class=\"fusion-image-element\" style=\"--awb-caption-title-font-family:var(--h2_typography-font-family);--awb-caption-title-font-weight:var(--h2_typography-font-weight);--awb-caption-title-font-style:var(--h2_typography-font-style);--awb-caption-title-size:var(--h2_typography-font-size);--awb-caption-title-transform:var(--h2_typography-text-transform);--awb-caption-title-line-height:var(--h2_typography-line-height);--awb-caption-title-letter-spacing:var(--h2_typography-letter-spacing);\"><span class=\"fusion-imageframe imageframe-none imageframe-1 hover-type-none fusion-animated\" style=\"--awb-animation-color:var(--awb-color2);\" data-animationtype=\"revealInLeft\" data-animationduration=\"1.2\" data-animationdelay=\"0.3\" data-animationoffset=\"top-into-view\"><img decoding=\"async\" width=\"1920\" height=\"1081\" alt=\"Apart Hotel Rugby&#039;s historic red-brick fa\u00e7ade under a blue sky, offering serviced accommodation in Rugby.\" title=\"rugby-best-hotel\" src=\"https:\/\/aparthotelrugby.co.uk\/wp-content\/uploads\/2024\/11\/rugby-best-hotel.jpg\" data-orig-src=\"https:\/\/aparthotelrugby.co.uk\/wp-content\/uploads\/2024\/11\/rugby-best-hotel.jpg\" class=\"lazyload img-responsive wp-image-1513\" srcset=\"data:image\/svg+xml,%3Csvg%20xmlns%3D%27http%3A%2F%2Fwww.w3.org%2F2000%2Fsvg%27%20width%3D%271920%27%20height%3D%271081%27%20viewBox%3D%270%200%201920%201081%27%3E%3Crect%20width%3D%271920%27%20height%3D%271081%27%20fill-opacity%3D%220%22%2F%3E%3C%2Fsvg%3E\" data-srcset=\"https:\/\/aparthotelrugby.co.uk\/wp-content\/uploads\/2024\/11\/rugby-best-hotel-200x113.jpg 200w, https:\/\/aparthotelrugby.co.uk\/wp-content\/uploads\/2024\/11\/rugby-best-hotel-400x225.jpg 400w, https:\/\/aparthotelrugby.co.uk\/wp-content\/uploads\/2024\/11\/rugby-best-hotel-600x338.jpg 600w, https:\/\/aparthotelrugby.co.uk\/wp-content\/uploads\/2024\/11\/rugby-best-hotel-800x450.jpg 800w, https:\/\/aparthotelrugby.co.uk\/wp-content\/uploads\/2024\/11\/rugby-best-hotel-1200x676.jpg 1200w, https:\/\/aparthotelrugby.co.uk\/wp-content\/uploads\/2024\/11\/rugby-best-hotel.jpg 1920w\" data-sizes=\"auto\" data-orig-sizes=\"(max-width: 640px) 100vw, 1920px\" \/><\/span><\/div><\/div><\/div><div class=\"fusion-layout-column fusion_builder_column fusion-builder-column-3 fusion_builder_column_1_2 1_2 fusion-flex-column fusion-animated\" style=\"--awb-bg-size:cover;--awb-width-large:50%;--awb-margin-top-large:0px;--awb-spacing-right-large:3.84%;--awb-margin-bottom-large:20px;--awb-spacing-left-large:3.84%;--awb-width-medium:50%;--awb-spacing-right-medium:3.84%;--awb-spacing-left-medium:3.84%;--awb-width-small:100%;--awb-spacing-right-small:1.92%;--awb-margin-bottom-small:0px;--awb-spacing-left-small:1.92%;\" data-animationtype=\"fadeInUp\" data-animationduration=\"1.0\" data-animationoffset=\"top-into-view\"><div class=\"fusion-column-wrapper fusion-column-has-shadow fusion-flex-justify-content-flex-start fusion-content-layout-column\"><div class=\"fusion-title title fusion-title-5 fusion-sep-none fusion-title-text fusion-title-size-two\" style=\"--awb-margin-top:0px;--awb-margin-bottom:40px;--awb-margin-bottom-small:30px;\"><h2 class=\"fusion-title-heading title-heading-left fusion-responsive-typography-calculated\" style=\"margin:0;--fontSize:33;line-height:var(--awb-typography1-line-height);\">Conhe\u00e7a os nossos im\u00f3veis<\/h2><\/div><div ><a class=\"fusion-button button-flat fusion-button-default-size button-custom fusion-button-default button-1 fusion-button-default-span fusion-button-default-type\" style=\"--button_accent_color:#ba9b00;--button_border_color:var(--awb-color8);--button_accent_hover_color:var(--awb-color1);--button_border_hover_color:var(--awb-color1);--button_gradient_top_color:#000000;--button_gradient_bottom_color:#000000;--button_gradient_top_color_hover:hsla(var(--awb-color5-h),calc(var(--awb-color5-s) - 5%),calc(var(--awb-color5-l) - 10%),var(--awb-color5-a));--button_gradient_bottom_color_hover:hsla(var(--awb-color5-h),calc(var(--awb-color5-s) - 5%),calc(var(--awb-color5-l) - 10%),var(--awb-color5-a));--button_padding-right:40px;--button_padding-left:40px;\" target=\"_self\" href=\"https:\/\/aparthotelrugby.co.uk\/pt\/os-nossos-quartos\/\"><span class=\"fusion-button-text awb-button__text awb-button__text--default\">Explorar os nossos quartos<\/span><\/a><\/div><div class=\"fusion-separator fusion-no-large-visibility fusion-full-width-sep\" style=\"align-self: center;margin-left: auto;margin-right: auto;margin-bottom:3%;width:100%;\"><\/div><div class=\"fusion-separator fusion-full-width-sep\" style=\"align-self: center;margin-left: auto;margin-right: auto;margin-bottom:3%;width:100%;\"><\/div><\/div><\/div><div class=\"fusion-layout-column fusion_builder_column fusion-builder-column-4 fusion_builder_column_1_2 1_2 fusion-flex-column fusion-animated\" style=\"--awb-bg-size:cover;--awb-width-large:50%;--awb-margin-top-large:0px;--awb-spacing-right-large:3.84%;--awb-margin-bottom-large:20px;--awb-spacing-left-large:3.84%;--awb-width-medium:50%;--awb-spacing-right-medium:3.84%;--awb-spacing-left-medium:3.84%;--awb-width-small:100%;--awb-spacing-right-small:1.92%;--awb-margin-bottom-small:0px;--awb-spacing-left-small:1.92%;\" data-animationtype=\"fadeInUp\" data-animationduration=\"1.0\" data-animationdelay=\"0.4\" data-animationoffset=\"top-into-view\"><div class=\"fusion-column-wrapper fusion-column-has-shadow fusion-flex-justify-content-flex-start fusion-content-layout-column\"><div class=\"fusion-separator fusion-no-large-visibility fusion-full-width-sep\" style=\"align-self: center;margin-left: auto;margin-right: auto;margin-bottom:3%;width:100%;\"><\/div><div class=\"fusion-text fusion-text-3 fusion-text-no-margin\" style=\"--awb-margin-bottom:40px;\"><p>Como uma empresa familiar orgulhosa, damos um toque caloroso e pessoal a todos os est\u00fadios de apartamentos que oferecemos. Cada um dos nossos espa\u00e7os foi concebido para ser uma verdadeira \"casa longe de casa\", garantindo-lhe o m\u00e1ximo conforto durante a sua estadia. Convidamo-lo a explorar a nossa gama completa de ofertas no nosso s\u00edtio Web e a descobrir o que torna as nossas propriedades \u00fanicas e especiais!<\/p>\n<\/div><div class=\"fusion-separator fusion-full-width-sep\" style=\"align-self: center;margin-left: auto;margin-right: auto;margin-bottom:3%;width:100%;\"><\/div><\/div><\/div><\/div><\/div>","protected":false},"excerpt":{"rendered":"","protected":false},"author":1,"featured_media":1320,"parent":0,"menu_order":0,"comment_status":"closed","ping_status":"closed","template":"","meta":{"footnotes":""},"class_list":["post-1294","page","type-page","status-publish","has-post-thumbnail","hentry"],"_links":{"self":[{"href":"https:\/\/aparthotelrugby.co.uk\/pt\/wp-json\/wp\/v2\/pages\/1294","targetHints":{"allow":["GET"]}}],"collection":[{"href":"https:\/\/aparthotelrugby.co.uk\/pt\/wp-json\/wp\/v2\/pages"}],"about":[{"href":"https:\/\/aparthotelrugby.co.uk\/pt\/wp-json\/wp\/v2\/types\/page"}],"author":[{"embeddable":true,"href":"https:\/\/aparthotelrugby.co.uk\/pt\/wp-json\/wp\/v2\/users\/1"}],"replies":[{"embeddable":true,"href":"https:\/\/aparthotelrugby.co.uk\/pt\/wp-json\/wp\/v2\/comments?post=1294"}],"version-history":[{"count":14,"href":"https:\/\/aparthotelrugby.co.uk\/pt\/wp-json\/wp\/v2\/pages\/1294\/revisions"}],"predecessor-version":[{"id":1905,"href":"https:\/\/aparthotelrugby.co.uk\/pt\/wp-json\/wp\/v2\/pages\/1294\/revisions\/1905"}],"wp:featuredmedia":[{"embeddable":true,"href":"https:\/\/aparthotelrugby.co.uk\/pt\/wp-json\/wp\/v2\/media\/1320"}],"wp:attachment":[{"href":"https:\/\/aparthotelrugby.co.uk\/pt\/wp-json\/wp\/v2\/media?parent=1294"}],"curies":[{"name":"wp","href":"https:\/\/api.w.org\/{rel}","templated":true}]}}