
{"id":1294,"date":"2024-11-15T12:48:16","date_gmt":"2024-11-15T12:48:16","guid":{"rendered":"https:\/\/aparthotelrugby.co.uk\/?page_id=1294"},"modified":"2025-11-13T11:32:26","modified_gmt":"2025-11-13T11:32:26","slug":"locatie","status":"publish","type":"page","link":"https:\/\/aparthotelrugby.co.uk\/ro\/locatie\/","title":{"rendered":"Loca\u021bie"},"content":{"rendered":"<div class=\"fusion-fullwidth fullwidth-box fusion-builder-row-1 fusion-flex-container has-pattern-background has-mask-background nonhundred-percent-fullwidth non-hundred-percent-height-scrolling\" style=\"--awb-background-position:left center;--awb-border-radius-top-left:0px;--awb-border-radius-top-right:0px;--awb-border-radius-bottom-right:0px;--awb-border-radius-bottom-left:0px;--awb-padding-top:100px;--awb-padding-right:0px;--awb-padding-bottom:0px;--awb-padding-left:0px;--awb-padding-top-medium:90px;--awb-padding-bottom-medium:90px;--awb-margin-bottom:0px;--awb-flex-wrap:wrap;\" ><div class=\"fusion-builder-row fusion-row fusion-flex-align-items-flex-start fusion-flex-justify-content-center fusion-flex-content-wrap\" style=\"max-width:1664px;margin-left: calc(-4% \/ 2 );margin-right: calc(-4% \/ 2 );\"><div class=\"fusion-layout-column fusion_builder_column fusion-builder-column-0 fusion_builder_column_1_1 1_1 fusion-flex-column fusion-no-small-visibility fusion-no-medium-visibility fusion-animated\" style=\"--awb-bg-color:var(--awb-color2);--awb-bg-color-hover:var(--awb-color2);--awb-bg-size:cover;--awb-width-large:100%;--awb-margin-top-large:0px;--awb-spacing-right-large:1.92%;--awb-margin-bottom-large:100px;--awb-spacing-left-large:1.92%;--awb-width-medium:100%;--awb-order-medium:0;--awb-spacing-right-medium:1.92%;--awb-spacing-left-medium:1.92%;--awb-width-small:100%;--awb-order-small:0;--awb-spacing-right-small:1.92%;--awb-margin-bottom-small:68px;--awb-spacing-left-small:1.92%;\" data-animationtype=\"fadeInDown\" data-animationduration=\"0.8\" data-animationdelay=\"0.2\" data-animationoffset=\"top-into-view\"><div class=\"fusion-column-wrapper fusion-column-has-shadow fusion-flex-justify-content-flex-start fusion-content-layout-column\"><div class=\"fusion-title title fusion-title-1 fusion-no-small-visibility fusion-sep-none fusion-title-center fusion-title-text fusion-title-size-two\" style=\"--awb-text-color:var(--awb-color8);--awb-margin-bottom:20px;--awb-margin-bottom-small:20px;\"><h2 class=\"fusion-title-heading title-heading-center\" style=\"margin:0;\">Explora\u021bi cartierul<\/h2><\/div><div class=\"fusion-title title fusion-title-2 fusion-no-medium-visibility fusion-no-large-visibility fusion-sep-none fusion-title-center fusion-title-text fusion-title-size-two\" style=\"--awb-text-color:var(--awb-color8);--awb-margin-bottom:20px;--awb-margin-bottom-small:20px;--awb-font-size:36px;\"><h2 class=\"fusion-title-heading title-heading-center\" style=\"margin:0;font-size:1em;\">Explora\u021bi cartierul<\/h2><\/div><div class=\"fusion-text fusion-text-1 fusion-text-no-margin\" style=\"--awb-content-alignment:center;--awb-margin-right:20%;--awb-margin-left:20%;\"><p>\u00cen cadrul unei <b>cl\u0103dire istoric\u0103 frumos restaurat\u0103<\/b>, recent renovat\u0103 <b>Apart Hotel Rugby<\/b> ofer\u0103 cazare modern\u0103, cu o not\u0103 de elegan\u021b\u0103 atemporal\u0103. Oaspe\u021bii se pot relaxa \u00een lounge-ul nostru comun, <b>beneficia\u021bi de WiFi gratuit<\/b>, \u0219i s\u0103 profite de <b>parcare privat\u0103 gratuit\u0103<\/b> \u0219i paz\u0103 pentru o zi \u00eentreag\u0103, pentru mai mult\u0103 lini\u0219te. Situat la doar 24 km de <b>Satul FarGo<\/b>Aparthotelul nostru este perfect pentru cei care caut\u0103 at\u00e2t confort, c\u00e2t \u0219i comoditate.<\/p>\n<p>For added convenience, <a href=\"https:\/\/aparthotelrugby.co.uk\/ro\/cazare-cu-bucatarie-proprie-rugby\/\" class=\"essa-ilink\">a minimarket is available on-site<\/a>, allowing you to pick up essentials during your stay.<\/p>\n<p>Aici, ve\u021bi g\u0103si un amestec vibrant de magazine, cafenele confortabile \u0219i restaurante diverse. \u00cen plus, proximitatea noastr\u0103 fa\u021b\u0103 de <b>Gara Rugby<\/b> \u00eenseamn\u0103 c\u0103 v\u0103 afla\u021bi la doar o scurt\u0103 c\u0103l\u0103torie cu trenul de ora\u0219e mari precum <b>Londra, Birmingham \u0219i Coventry<\/b>. Whether you&#8217;re exploring the town&#8217;s rich history or commuting to the city, <a href=\"https:\/\/aparthotelrugby.co.uk\/ro\/unde-sa-stati-in-rugby\/\" class=\"essa-ilink\">our location offers the perfect blend of convenience and charm<\/a><\/p>\n<p>noastre <b>loca\u021bie excelent\u0103<\/b> v\u0103 plaseaz\u0103 la mic\u0103 distan\u021b\u0103 de atrac\u021biile locale, cu <b>Ricoh Arena la doar 25 km distan\u021b\u0103<\/b> \u0219i pitorescul <b>Kelmarsh Hall 29 km<\/b> de la proprietate. Fie c\u0103 v\u0103 afla\u021bi aici pentru afaceri sau pentru agrement, <b>Apart Hotel Rugby<\/b> ofer\u0103 un refugiu primitor pentru a v\u0103 relaxa \u0219i a explora cele mai bune din regiune.<\/p>\n<\/div><\/div><\/div><div class=\"fusion-layout-column fusion_builder_column fusion-builder-column-1 fusion_builder_column_1_1 1_1 fusion-flex-column fusion-no-large-visibility fusion-animated\" style=\"--awb-bg-color:var(--awb-color2);--awb-bg-color-hover:var(--awb-color2);--awb-bg-size:cover;--awb-width-large:100%;--awb-margin-top-large:0px;--awb-spacing-right-large:1.92%;--awb-margin-bottom-large:100px;--awb-spacing-left-large:1.92%;--awb-width-medium:100%;--awb-order-medium:0;--awb-spacing-right-medium:1.92%;--awb-spacing-left-medium:1.92%;--awb-width-small:100%;--awb-order-small:0;--awb-spacing-right-small:1.92%;--awb-margin-bottom-small:68px;--awb-spacing-left-small:1.92%;\" data-animationtype=\"fadeInDown\" data-animationduration=\"0.8\" data-animationdelay=\"0.2\" data-animationoffset=\"top-into-view\"><div class=\"fusion-column-wrapper fusion-column-has-shadow fusion-flex-justify-content-flex-start fusion-content-layout-column\"><div class=\"fusion-title title fusion-title-3 fusion-no-small-visibility fusion-sep-none fusion-title-center fusion-title-text fusion-title-size-two\" style=\"--awb-text-color:var(--awb-color8);--awb-margin-bottom:20px;--awb-margin-bottom-small:20px;\"><h2 class=\"fusion-title-heading title-heading-center\" style=\"margin:0;\">Explora\u021bi cartierul<\/h2><\/div><div class=\"fusion-title title fusion-title-4 fusion-no-medium-visibility fusion-no-large-visibility fusion-sep-none fusion-title-center fusion-title-text fusion-title-size-two\" style=\"--awb-text-color:var(--awb-color8);--awb-margin-bottom:20px;--awb-margin-bottom-small:20px;--awb-font-size:36px;\"><h2 class=\"fusion-title-heading title-heading-center\" style=\"margin:0;font-size:1em;\">Explora\u021bi cartierul<\/h2><\/div><div class=\"fusion-text fusion-text-2 fusion-text-no-margin\" style=\"--awb-content-alignment:center;\"><p>\u00cen cadrul unei <b>cl\u0103dire istoric\u0103 frumos restaurat\u0103<\/b>, recent renovat\u0103 <b>Apart Hotel Rugby<\/b> ofer\u0103 cazare modern\u0103, cu o not\u0103 de elegan\u021b\u0103 atemporal\u0103. Oaspe\u021bii se pot relaxa \u00een lounge-ul nostru comun, <b>beneficia\u021bi de WiFi gratuit<\/b>, \u0219i s\u0103 profite de <b>parcare privat\u0103 gratuit\u0103<\/b> \u0219i paz\u0103 pentru o zi \u00eentreag\u0103, pentru mai mult\u0103 lini\u0219te. Situat la doar 24 km de <b>Satul FarGo<\/b>Aparthotelul nostru este perfect pentru cei care caut\u0103 at\u00e2t confort, c\u00e2t \u0219i comoditate.<\/p>\n<p>Pentru un plus de confort, la proprietate exist\u0103 un minimarket, care v\u0103 permite s\u0103 v\u0103 cump\u0103ra\u021bi produse esen\u021biale \u00een timpul sejurului.<\/p>\n<p>Aici, ve\u021bi g\u0103si un amestec vibrant de magazine, cafenele confortabile \u0219i restaurante diverse. \u00cen plus, proximitatea noastr\u0103 fa\u021b\u0103 de <b>Gara Rugby<\/b> \u00eenseamn\u0103 c\u0103 v\u0103 afla\u021bi la doar o scurt\u0103 c\u0103l\u0103torie cu trenul de ora\u0219e mari precum <b>Londra, Birmingham \u0219i Coventry<\/b>. Fie c\u0103 explora\u021bi istoria bogat\u0103 a ora\u0219ului sau face\u021bi naveta spre ora\u0219, loca\u021bia noastr\u0103 ofer\u0103 combina\u021bia perfect\u0103 de confort \u0219i farmec<\/p>\n<p>noastre <b>loca\u021bie excelent\u0103<\/b> v\u0103 plaseaz\u0103 la mic\u0103 distan\u021b\u0103 de atrac\u021biile locale, cu <b>Ricoh Arena la doar 25 km distan\u021b\u0103<\/b> \u0219i pitorescul <b>Kelmarsh Hall 29 km<\/b> de la proprietate. Fie c\u0103 v\u0103 afla\u021bi aici pentru afaceri sau pentru agrement, <b>Apart Hotel Rugby<\/b> ofer\u0103 un refugiu primitor pentru a v\u0103 relaxa \u0219i a explora cele mai bune din regiune.<\/p>\n<\/div><\/div><\/div><div class=\"fusion-layout-column fusion_builder_column fusion-builder-column-2 fusion_builder_column_1_1 1_1 fusion-flex-column\" style=\"--awb-bg-color:var(--awb-color2);--awb-bg-color-hover:var(--awb-color2);--awb-bg-size:cover;--awb-width-large:100%;--awb-margin-top-large:0px;--awb-spacing-right-large:1.92%;--awb-margin-bottom-large:80px;--awb-spacing-left-large:1.92%;--awb-width-medium:100%;--awb-order-medium:0;--awb-spacing-right-medium:1.92%;--awb-spacing-left-medium:1.92%;--awb-width-small:100%;--awb-order-small:0;--awb-spacing-right-small:1.92%;--awb-margin-bottom-small:55px;--awb-spacing-left-small:1.92%;\"><div class=\"fusion-column-wrapper fusion-column-has-shadow fusion-flex-justify-content-flex-start fusion-content-layout-column\"><div class=\"fusion-image-element\" style=\"--awb-caption-title-font-family:var(--h2_typography-font-family);--awb-caption-title-font-weight:var(--h2_typography-font-weight);--awb-caption-title-font-style:var(--h2_typography-font-style);--awb-caption-title-size:var(--h2_typography-font-size);--awb-caption-title-transform:var(--h2_typography-text-transform);--awb-caption-title-line-height:var(--h2_typography-line-height);--awb-caption-title-letter-spacing:var(--h2_typography-letter-spacing);\"><span class=\"fusion-imageframe imageframe-none imageframe-1 hover-type-none fusion-animated\" style=\"--awb-animation-color:var(--awb-color2);\" data-animationtype=\"revealInLeft\" data-animationduration=\"1.2\" data-animationdelay=\"0.3\" data-animationoffset=\"top-into-view\"><img decoding=\"async\" width=\"1920\" height=\"1081\" alt=\"Fa\u021bada istoric\u0103 din c\u0103r\u0103mid\u0103 ro\u0219ie a Apart Hotel Rugby, sub un cer albastru, ofer\u0103 cazare cu servicii \u00een Rugby.\" title=\"rugby-best-hotel\" src=\"https:\/\/aparthotelrugby.co.uk\/wp-content\/uploads\/2024\/11\/rugby-best-hotel.jpg\" data-orig-src=\"https:\/\/aparthotelrugby.co.uk\/wp-content\/uploads\/2024\/11\/rugby-best-hotel.jpg\" class=\"lazyload img-responsive wp-image-1513\" srcset=\"data:image\/svg+xml,%3Csvg%20xmlns%3D%27http%3A%2F%2Fwww.w3.org%2F2000%2Fsvg%27%20width%3D%271920%27%20height%3D%271081%27%20viewBox%3D%270%200%201920%201081%27%3E%3Crect%20width%3D%271920%27%20height%3D%271081%27%20fill-opacity%3D%220%22%2F%3E%3C%2Fsvg%3E\" data-srcset=\"https:\/\/aparthotelrugby.co.uk\/wp-content\/uploads\/2024\/11\/rugby-best-hotel-200x113.jpg 200w, https:\/\/aparthotelrugby.co.uk\/wp-content\/uploads\/2024\/11\/rugby-best-hotel-400x225.jpg 400w, https:\/\/aparthotelrugby.co.uk\/wp-content\/uploads\/2024\/11\/rugby-best-hotel-600x338.jpg 600w, https:\/\/aparthotelrugby.co.uk\/wp-content\/uploads\/2024\/11\/rugby-best-hotel-800x450.jpg 800w, https:\/\/aparthotelrugby.co.uk\/wp-content\/uploads\/2024\/11\/rugby-best-hotel-1200x676.jpg 1200w, https:\/\/aparthotelrugby.co.uk\/wp-content\/uploads\/2024\/11\/rugby-best-hotel.jpg 1920w\" data-sizes=\"auto\" data-orig-sizes=\"(max-width: 640px) 100vw, 1920px\" \/><\/span><\/div><\/div><\/div><div class=\"fusion-layout-column fusion_builder_column fusion-builder-column-3 fusion_builder_column_1_2 1_2 fusion-flex-column fusion-animated\" style=\"--awb-bg-size:cover;--awb-width-large:50%;--awb-margin-top-large:0px;--awb-spacing-right-large:3.84%;--awb-margin-bottom-large:20px;--awb-spacing-left-large:3.84%;--awb-width-medium:50%;--awb-spacing-right-medium:3.84%;--awb-spacing-left-medium:3.84%;--awb-width-small:100%;--awb-spacing-right-small:1.92%;--awb-margin-bottom-small:0px;--awb-spacing-left-small:1.92%;\" data-animationtype=\"fadeInUp\" data-animationduration=\"1.0\" data-animationoffset=\"top-into-view\"><div class=\"fusion-column-wrapper fusion-column-has-shadow fusion-flex-justify-content-flex-start fusion-content-layout-column\"><div class=\"fusion-title title fusion-title-5 fusion-sep-none fusion-title-text fusion-title-size-two\" style=\"--awb-margin-top:0px;--awb-margin-bottom:40px;--awb-margin-bottom-small:30px;\"><h2 class=\"fusion-title-heading title-heading-left fusion-responsive-typography-calculated\" style=\"margin:0;--fontSize:33;line-height:var(--awb-typography1-line-height);\">Experimenta\u021bi propriet\u0103\u021bile noastre<\/h2><\/div><div ><a class=\"fusion-button button-flat fusion-button-default-size button-custom fusion-button-default button-1 fusion-button-default-span fusion-button-default-type\" style=\"--button_accent_color:#ba9b00;--button_border_color:var(--awb-color8);--button_accent_hover_color:var(--awb-color1);--button_border_hover_color:var(--awb-color1);--button_gradient_top_color:#000000;--button_gradient_bottom_color:#000000;--button_gradient_top_color_hover:hsla(var(--awb-color5-h),calc(var(--awb-color5-s) - 5%),calc(var(--awb-color5-l) - 10%),var(--awb-color5-a));--button_gradient_bottom_color_hover:hsla(var(--awb-color5-h),calc(var(--awb-color5-s) - 5%),calc(var(--awb-color5-l) - 10%),var(--awb-color5-a));--button_padding-right:40px;--button_padding-left:40px;\" target=\"_self\" href=\"https:\/\/aparthotelrugby.co.uk\/ro\/camerele-noastre\/\"><span class=\"fusion-button-text awb-button__text awb-button__text--default\">Explora\u021bi camerele noastre<\/span><\/a><\/div><div class=\"fusion-separator fusion-no-large-visibility fusion-full-width-sep\" style=\"align-self: center;margin-left: auto;margin-right: auto;margin-bottom:3%;width:100%;\"><\/div><div class=\"fusion-separator fusion-full-width-sep\" style=\"align-self: center;margin-left: auto;margin-right: auto;margin-bottom:3%;width:100%;\"><\/div><\/div><\/div><div class=\"fusion-layout-column fusion_builder_column fusion-builder-column-4 fusion_builder_column_1_2 1_2 fusion-flex-column fusion-animated\" style=\"--awb-bg-size:cover;--awb-width-large:50%;--awb-margin-top-large:0px;--awb-spacing-right-large:3.84%;--awb-margin-bottom-large:20px;--awb-spacing-left-large:3.84%;--awb-width-medium:50%;--awb-spacing-right-medium:3.84%;--awb-spacing-left-medium:3.84%;--awb-width-small:100%;--awb-spacing-right-small:1.92%;--awb-margin-bottom-small:0px;--awb-spacing-left-small:1.92%;\" data-animationtype=\"fadeInUp\" data-animationduration=\"1.0\" data-animationdelay=\"0.4\" data-animationoffset=\"top-into-view\"><div class=\"fusion-column-wrapper fusion-column-has-shadow fusion-flex-justify-content-flex-start fusion-content-layout-column\"><div class=\"fusion-separator fusion-no-large-visibility fusion-full-width-sep\" style=\"align-self: center;margin-left: auto;margin-right: auto;margin-bottom:3%;width:100%;\"><\/div><div class=\"fusion-text fusion-text-3 fusion-text-no-margin\" style=\"--awb-margin-bottom:40px;\"><p>Ca o afacere de familie m\u00e2ndr\u0103, aducem o atingere cald\u0103, personal\u0103 la fiecare studio de apartament pe care \u00eel oferim. Fiecare dintre spa\u021biile noastre este conceput pentru a fi un adev\u0103rat \"acas\u0103 departe de cas\u0103\", asigur\u00e2ndu-v\u0103 c\u0103 v\u0103 bucura\u021bi de cel mai mare confort \u00een timpul \u0219ederii dumneavoastr\u0103. V\u0103 invit\u0103m s\u0103 explora\u021bi \u00eentreaga noastr\u0103 gam\u0103 de oferte pe site-ul nostru \u0219i s\u0103 descoperi\u021bi ce face propriet\u0103\u021bile noastre unice speciale!<\/p>\n<\/div><div class=\"fusion-separator fusion-full-width-sep\" style=\"align-self: center;margin-left: auto;margin-right: auto;margin-bottom:3%;width:100%;\"><\/div><\/div><\/div><\/div><\/div>","protected":false},"excerpt":{"rendered":"","protected":false},"author":1,"featured_media":1320,"parent":0,"menu_order":0,"comment_status":"closed","ping_status":"closed","template":"","meta":{"footnotes":""},"class_list":["post-1294","page","type-page","status-publish","has-post-thumbnail","hentry"],"_links":{"self":[{"href":"https:\/\/aparthotelrugby.co.uk\/ro\/wp-json\/wp\/v2\/pages\/1294","targetHints":{"allow":["GET"]}}],"collection":[{"href":"https:\/\/aparthotelrugby.co.uk\/ro\/wp-json\/wp\/v2\/pages"}],"about":[{"href":"https:\/\/aparthotelrugby.co.uk\/ro\/wp-json\/wp\/v2\/types\/page"}],"author":[{"embeddable":true,"href":"https:\/\/aparthotelrugby.co.uk\/ro\/wp-json\/wp\/v2\/users\/1"}],"replies":[{"embeddable":true,"href":"https:\/\/aparthotelrugby.co.uk\/ro\/wp-json\/wp\/v2\/comments?post=1294"}],"version-history":[{"count":14,"href":"https:\/\/aparthotelrugby.co.uk\/ro\/wp-json\/wp\/v2\/pages\/1294\/revisions"}],"predecessor-version":[{"id":1905,"href":"https:\/\/aparthotelrugby.co.uk\/ro\/wp-json\/wp\/v2\/pages\/1294\/revisions\/1905"}],"wp:featuredmedia":[{"embeddable":true,"href":"https:\/\/aparthotelrugby.co.uk\/ro\/wp-json\/wp\/v2\/media\/1320"}],"wp:attachment":[{"href":"https:\/\/aparthotelrugby.co.uk\/ro\/wp-json\/wp\/v2\/media?parent=1294"}],"curies":[{"name":"wp","href":"https:\/\/api.w.org\/{rel}","templated":true}]}}